{"id":898,"date":"2024-04-24T08:19:55","date_gmt":"2024-04-24T13:19:55","guid":{"rendered":"https:\/\/colproyectos.com\/?page_id=898"},"modified":"2024-04-24T08:19:55","modified_gmt":"2024-04-24T13:19:55","slug":"terminos-y-condiciones","status":"publish","type":"page","link":"https:\/\/colproyectos.com\/en\/terminos-y-condiciones\/","title":{"rendered":"Terms and Conditions"},"content":{"rendered":"<h2 class=\"wp-block-heading\"><\/h2>\r\n<div><strong>LOS PRECIOS NO INCLUYEN:<\/strong><\/div>\r\n<p>Gastos notariales, boleta fiscal, registro, gastos hipotecarios, aval\u00fao y elaboraci\u00f3n de minuta en caso de solicitud de cr\u00e9dito con el Banco.<\/p>\r\n<p>Las \u00e1reas ofrecidas pueden variar debido a orden impartida por la curadur\u00eda, caso fortuito y\/o fuerza mayor. Las im\u00e1genes, acabados y elementos decorativos entre otros son una representaci\u00f3n art\u00edstica del proyecto y no hacen parte de la oferta. Las im\u00e1genes publicadas son representaciones digitales de dise\u00f1o y junto con los inmuebles exhibidos pueden variar con respecto a su construcci\u00f3n final.<\/p>\r\n<p>La cuota del condominio ser\u00e1 determinada por la administraci\u00f3n de la copropiedad. Los datos publicados pueden variar sin previo aviso. Antes de tomar una decisi\u00f3n de compra por favor inf\u00f3rmese en la oficina de la constructora o con su asesor de confianza sobre las caracter\u00edsticas y condiciones del proyecto.<\/p>\r\n<h2 class=\"wp-block-heading\"><\/h2>","protected":false},"excerpt":{"rendered":"<p>LOS PRECIOS NO INCLUYEN: Gastos notariales, boleta fiscal, registro, gastos hipotecarios, aval\u00fao y elaboraci\u00f3n de minuta en caso de solicitud de cr\u00e9dito con el Banco. Las \u00e1reas ofrecidas pueden variar debido a orden impartida por la curadur\u00eda, caso fortuito y\/o fuerza mayor. Las im\u00e1genes, acabados y elementos decorativos entre otros son una representaci\u00f3n art\u00edstica del [&hellip;]<\/p>","protected":false},"author":0,"featured_media":0,"parent":0,"menu_order":0,"comment_status":"closed","ping_status":"closed","template":"","meta":{"footnotes":""},"class_list":["post-898","page","type-page","status-publish","hentry"],"_links":{"self":[{"href":"https:\/\/colproyectos.com\/en\/wp-json\/wp\/v2\/pages\/898","targetHints":{"allow":["GET"]}}],"collection":[{"href":"https:\/\/colproyectos.com\/en\/wp-json\/wp\/v2\/pages"}],"about":[{"href":"https:\/\/colproyectos.com\/en\/wp-json\/wp\/v2\/types\/page"}],"replies":[{"embeddable":true,"href":"https:\/\/colproyectos.com\/en\/wp-json\/wp\/v2\/comments?post=898"}],"version-history":[{"count":1,"href":"https:\/\/colproyectos.com\/en\/wp-json\/wp\/v2\/pages\/898\/revisions"}],"predecessor-version":[{"id":899,"href":"https:\/\/colproyectos.com\/en\/wp-json\/wp\/v2\/pages\/898\/revisions\/899"}],"wp:attachment":[{"href":"https:\/\/colproyectos.com\/en\/wp-json\/wp\/v2\/media?parent=898"}],"curies":[{"name":"wp","href":"https:\/\/api.w.org\/{rel}","templated":true}]}}