{"id":939,"date":"2024-04-03T00:31:49","date_gmt":"2024-04-03T00:31:49","guid":{"rendered":"https:\/\/colproyectos.com\/?page_id=3"},"modified":"2024-04-24T08:16:38","modified_gmt":"2024-04-24T13:16:38","slug":"politica-de-privacidad","status":"publish","type":"page","link":"https:\/\/colproyectos.com\/en\/politica-de-privacidad\/","title":{"rendered":"Privacy Policy"},"content":{"rendered":"<h2 class=\"wp-block-heading\"><\/h2>\r\n<p>AUTORIZACI\u00d3N PARA EL TRATAMIENTO DE DATOS PERSONALES<\/p>\r\n<p>En virtud de la Ley 1581 de 2012, los datos de car\u00e1cter personal que se obtengan de su solicitud o prestaci\u00f3n de<br \/>servicios o productos ser\u00e1n recogidos en una base de datos que se conserva y administra bajo nuestra<br \/>responsabilidad con las medidas de seguridad necesarias para su adecuada conservaci\u00f3n, por un plazo contado desde<br \/>el 01 de agosto de 2013 hasta el 10 de mayo de 2027 o hasta la pr\u00f3rroga de la vigencia de esta sociedad.<br \/>Las finalidades del Tratamiento de datos personales suministrados por nuestros clientes y usuarios, ser\u00e1n utilizados<br \/>para los objetivos propios de la relaci\u00f3n comercial de arrendamiento, venta, aval\u00faos y servicios de asesor\u00eda en finca<br \/>ra\u00edz que presta, entre los que se encuentran: elaboraci\u00f3n del contrato de arrendamiento y administraci\u00f3n, cobro de<br \/>los c\u00e1nones de arrendamiento y dem\u00e1s rubros pactados en el contrato, pago de rentas a los propietarios de<br \/>inmuebles, aval\u00fao de inmuebles, an\u00e1lisis estad\u00edsticos. Tambi\u00e9n, para el desarrollo de actividades de conocimiento del<br \/>perfil comercial del cliente, campa\u00f1as comerciales, publicitarias y de marketing, relacionadas con productos y servicios<br \/>de COLPROYECTOS S.A.S. Y CONSTRUCTORA SERRANOVA S.A.S., y, en particular para enviar: 1) Presentaciones de los<br \/>proyectos inmobiliarios, seguimiento de los mismos, avances de las obras, etc., 2) Invitaciones de lanzamientos de<br \/>proyectos y ferias inmobiliarias. 3) Informaci\u00f3n del estado de su cotizaci\u00f3n y\/o negociaci\u00f3n a trav\u00e9s de correos<br \/>electr\u00f3nicos o llamadas telef\u00f3nicas. 4) Encuestas para medir la satisfacci\u00f3n del cliente y el conocimiento de nuestra<br \/>fuerza comercial. 6) Generar una comunicaci\u00f3n eficiente y mantener contacto permanente. 7) Felicitaciones y<br \/>congratulaciones por fechas especiales. 8) Actualizar datos. 9) Informar sobre el estado de las obligaciones contra\u00eddas<br \/>por Usted, si es el caso. 10) Informaci\u00f3n sobre las innovaciones y mejoras efectuadas en sus productos y servicios 11)<br \/>Para los clientes COLPROYECTOS S.A.S. Y CONSTRUCTORA SERRANOVA S.A.S, enviarle informaci\u00f3n acerca de las<br \/>ofertas que ha desarrollado con aliados comerciales que le pueden resultar de inter\u00e9s.<\/p>\r\n<p>Le recordamos la posibilidad que tiene de acceder en cualquier momento a los datos suministrados, as\u00ed como de<br \/>solicitar la correcci\u00f3n, actualizaci\u00f3n o supresi\u00f3n, en los t\u00e9rminos establecidos por la Ley 1581 de 2012, dirigiendo una<br \/>comunicaci\u00f3n escrita al mail atencionalcliente@colproyectos.com, o de manera personal en nuestra oficinas ubicadas<br \/>en la Centro comercial y de negocios Ventura Plaza oficina 4-115, con los siguientes datos: nombre y apellidos,<br \/>domicilio a efectos de notificaciones, petici\u00f3n en que se concreta la solicitud, fecha, firma de la persona interesada.<br \/>Para su comodidad, puede ejercer estos mismos derechos en www.colproyectos.com<\/p>\r\n<p>Consiento y autorizo que mis datos personales sean tratados conforme a lo previsto en la presente autorizaci\u00f3n y<br \/>reconozco que los datos suministrados en la solicitud son ciertos, que no ha sido omitida o alterada ninguna<br \/>informaci\u00f3n, quedando enterado que la falsedad u omisi\u00f3n de alg\u00fan dato supondr\u00e1 la imposibilidad de prestar<br \/>correctamente el servicio. Tambi\u00e9n autorizo para consultar, solicitar, suministrar, reportar, procesar, compilar,<br \/>confirmar, intercambiar, modificar, emplear, analizar, estudiar, conservar, recibir, enviar, divulgar toda la informaci\u00f3n<br \/>que se refiera a mi comportamiento crediticio, financiero, comercial, de servicios y de terceros a cualquier Operador<br \/>de Informaci\u00f3n o entidad que maneje o administre base de datos con fines similares a los de tales Operadores.<\/p>\r\n<h2 class=\"wp-block-heading\"><\/h2>","protected":false},"excerpt":{"rendered":"<p>AUTORIZACI\u00d3N PARA EL TRATAMIENTO DE DATOS PERSONALES En virtud de la Ley 1581 de 2012, los datos de car\u00e1cter personal que se obtengan de su solicitud o prestaci\u00f3n deservicios o productos ser\u00e1n recogidos en una base de datos que se conserva y administra bajo nuestraresponsabilidad con las medidas de seguridad necesarias para su adecuada conservaci\u00f3n, [&hellip;]<\/p>","protected":false},"author":0,"featured_media":0,"parent":0,"menu_order":0,"comment_status":"closed","ping_status":"closed","template":"","meta":{"footnotes":""},"class_list":["post-939","page","type-page","status-publish","hentry"],"_links":{"self":[{"href":"https:\/\/colproyectos.com\/en\/wp-json\/wp\/v2\/pages\/939","targetHints":{"allow":["GET"]}}],"collection":[{"href":"https:\/\/colproyectos.com\/en\/wp-json\/wp\/v2\/pages"}],"about":[{"href":"https:\/\/colproyectos.com\/en\/wp-json\/wp\/v2\/types\/page"}],"replies":[{"embeddable":true,"href":"https:\/\/colproyectos.com\/en\/wp-json\/wp\/v2\/comments?post=939"}],"version-history":[{"count":0,"href":"https:\/\/colproyectos.com\/en\/wp-json\/wp\/v2\/pages\/939\/revisions"}],"wp:attachment":[{"href":"https:\/\/colproyectos.com\/en\/wp-json\/wp\/v2\/media?parent=939"}],"curies":[{"name":"wp","href":"https:\/\/api.w.org\/{rel}","templated":true}]}}